{"id":129,"date":"2014-07-30T13:05:31","date_gmt":"2014-07-30T11:05:31","guid":{"rendered":"http:\/\/metalandart.gr\/wordpress\/?page_id=129"},"modified":"2022-11-03T18:01:33","modified_gmt":"2022-11-03T16:01:33","slug":"ferronnier","status":"publish","type":"page","link":"https:\/\/metalandart.gr\/fr\/","title":{"rendered":"Ferronnier"},"content":{"rendered":"<p>Demetris Chatzis est la 3\u00e8me g\u00e9n\u00e9ration de forgerons datant de 1910. Ses cr\u00e9ations sont \u00e0 la fois fonctionnel et artistique.<br \/>\nVoici quelques cat\u00e9gories de produits faits \u00e0 la main qu&rsquo;il a faites au cours des ann\u00e9es:<\/p>\n<p>&#8211; Des outils de marbre de sculpture de l&rsquo;\u00e9cole de sculpture de marbre \u00e0 Pyrgos, Tinos, et divers professionnels dans le domaine de la restauration des monuments tels que l&rsquo; Acropole, le temple d&rsquo; Apollon \u00e0 Vasses et autres<br \/>\n&#8211; Divers m\u00e9canismes complexes tels que des serrures<br \/>\n&#8211; Fabriqu\u00e9 \u00e0 la main loquets, poign\u00e9es de porte, les charni\u00e8res etc<br \/>\n&#8211; Faites \u00e0 la main cl\u00f4tures m\u00e9talliques, balcons etc<br \/>\n&#8211; Constructions tels que des lits m\u00e9talliques, lampes, chandeliers, etc<br \/>\n&#8211; Sculptures en m\u00e9tal<\/p>\n<div class=\"video-container\">\n<div class=\"video-thumb\"><iframe src=\"http:\/\/www.youtube.com\/embed\/kYRofgkrxHM?wmode=opaque&amp;autoplay=false\"><\/iframe><\/div>\n<\/div>\n","protected":false},"excerpt":{"rendered":"<p>Demetris Chatzis est la 3\u00e8me g\u00e9n\u00e9ration de forgerons datant de 1910. Ses cr\u00e9ations sont \u00e0 la fois fonctionnel et artistique. Voici quelques cat\u00e9gories de produits faits \u00e0 la main qu&rsquo;il a faites au cours des ann\u00e9es: &#8211; Des outils de marbre de sculpture de l&rsquo;\u00e9cole de sculpture de marbre \u00e0 Pyrgos, Tinos, et divers professionnels<\/p>\n","protected":false},"author":2,"featured_media":38,"parent":0,"menu_order":0,"comment_status":"closed","ping_status":"closed","template":"","meta":{"footnotes":""},"class_list":["post-129","page","type-page","status-publish","has-post-thumbnail","hentry"],"_links":{"self":[{"href":"https:\/\/metalandart.gr\/fr\/wp-json\/wp\/v2\/pages\/129","targetHints":{"allow":["GET"]}}],"collection":[{"href":"https:\/\/metalandart.gr\/fr\/wp-json\/wp\/v2\/pages"}],"about":[{"href":"https:\/\/metalandart.gr\/fr\/wp-json\/wp\/v2\/types\/page"}],"author":[{"embeddable":true,"href":"https:\/\/metalandart.gr\/fr\/wp-json\/wp\/v2\/users\/2"}],"replies":[{"embeddable":true,"href":"https:\/\/metalandart.gr\/fr\/wp-json\/wp\/v2\/comments?post=129"}],"version-history":[{"count":0,"href":"https:\/\/metalandart.gr\/fr\/wp-json\/wp\/v2\/pages\/129\/revisions"}],"wp:featuredmedia":[{"embeddable":true,"href":"https:\/\/metalandart.gr\/fr\/wp-json\/wp\/v2\/media\/38"}],"wp:attachment":[{"href":"https:\/\/metalandart.gr\/fr\/wp-json\/wp\/v2\/media?parent=129"}],"curies":[{"name":"wp","href":"https:\/\/api.w.org\/{rel}","templated":true}]}}